{"id":12,"date":"2025-04-13T15:35:33","date_gmt":"2025-04-13T15:35:33","guid":{"rendered":"https:\/\/promo.phoenixhub-autopilates.com\/?page_id=12"},"modified":"2025-12-31T16:00:27","modified_gmt":"2025-12-31T16:00:27","slug":"inicio","status":"publish","type":"page","link":"https:\/\/promo.phoenixhub-autopilates.com\/","title":{"rendered":"Inicio"},"content":{"rendered":"<p>[et_pb_section fb_built=\u00bb1&#8243; fullwidth=\u00bbon\u00bb _builder_version=\u00bb4.27.4&#8243; _module_preset=\u00bbdefault\u00bb global_colors_info=\u00bb{}\u00bb][et_pb_fullwidth_image src=\u00bbhttps:\/\/promo.phoenixhub-autopilates.com\/wp-content\/uploads\/2025\/04\/PhoenixHub_Autopilates_1.png\u00bb title_text=\u00bbPhoenixHub_Autopilates_1&#8243; _builder_version=\u00bb4.27.4&#8243; _module_preset=\u00bbdefault\u00bb global_colors_info=\u00bb{}\u00bb][\/et_pb_fullwidth_image][\/et_pb_section][et_pb_section fb_built=\u00bb1&#8243; _builder_version=\u00bb4.27.4&#8243; _module_preset=\u00bbdefault\u00bb background_image=\u00bbhttps:\/\/promo.phoenixhub-autopilates.com\/wp-content\/uploads\/2025\/04\/PhoenixHub_Autopilates_2.png\u00bb custom_margin=\u00bb0px|0px|0px|0px|false|false\u00bb custom_padding=\u00bb0px|0px|0px|0px|false|false\u00bb global_colors_info=\u00bb{}\u00bb][et_pb_row _builder_version=\u00bb4.27.4&#8243; _module_preset=\u00bbdefault\u00bb width=\u00bb100%\u00bb max_width=\u00bb100%\u00bb custom_margin=\u00bb0px|0px|0px|0px|false|false\u00bb custom_padding=\u00bb0px|0px|0px|0px|false|false\u00bb global_colors_info=\u00bb{}\u00bb][et_pb_column type=\u00bb4_4&#8243; _builder_version=\u00bb4.27.4&#8243; _module_preset=\u00bbdefault\u00bb global_colors_info=\u00bb{}\u00bb][et_pb_text _builder_version=\u00bb4.27.4&#8243; _module_preset=\u00bbdefault\u00bb text_font=\u00bbUnbounded|700|||||||\u00bb text_text_color=\u00bb#FFFFFF\u00bb text_font_size=\u00bb13rem\u00bb text_line_height=\u00bb1em\u00bb text_orientation=\u00bbcenter\u00bb background_layout=\u00bbdark\u00bb text_font_size_tablet=\u00bb10vw\u00bb text_font_size_phone=\u00bb2rem\u00bb text_font_size_last_edited=\u00bbon|tablet\u00bb global_colors_info=\u00bb{}\u00bb]<\/p>\n<p>PHOENIX HUB<\/p>\n<p>[\/et_pb_text][\/et_pb_column][\/et_pb_row][\/et_pb_section][et_pb_section fb_built=\u00bb1&#8243; _builder_version=\u00bb4.27.4&#8243; _module_preset=\u00bbdefault\u00bb background_color=\u00bb#000000&#8243; global_colors_info=\u00bb{}\u00bb][et_pb_row _builder_version=\u00bb4.27.4&#8243; _module_preset=\u00bbdefault\u00bb width=\u00bb95%\u00bb max_width=\u00bb95%\u00bb global_colors_info=\u00bb{}\u00bb][et_pb_column type=\u00bb4_4&#8243; _builder_version=\u00bb4.27.4&#8243; _module_preset=\u00bbdefault\u00bb global_colors_info=\u00bb{}\u00bb][et_pb_text _builder_version=\u00bb4.27.4&#8243; _module_preset=\u00bbdefault\u00bb text_font=\u00bbUnbounded|700|||||||\u00bb text_text_color=\u00bb#E02B20&#8243; text_font_size=\u00bb5.5rem\u00bb text_line_height=\u00bb1.3em\u00bb text_font_size_tablet=\u00bb3rem\u00bb text_font_size_phone=\u00bb1.5rem\u00bb text_font_size_last_edited=\u00bbon|phone\u00bb global_colors_info=\u00bb{}\u00bb]<\/p>\n<p>\u00bfY SI CUIDARTE ENCAJARA EN TU AGENDA?<\/p>\n<p>[\/et_pb_text][\/et_pb_column][\/et_pb_row][et_pb_row _builder_version=\u00bb4.27.4&#8243; _module_preset=\u00bbdefault\u00bb width=\u00bb95%\u00bb max_width=\u00bb95%\u00bb global_colors_info=\u00bb{}\u00bb][et_pb_column type=\u00bb4_4&#8243; _builder_version=\u00bb4.27.4&#8243; _module_preset=\u00bbdefault\u00bb global_colors_info=\u00bb{}\u00bb][et_pb_text _builder_version=\u00bb4.27.4&#8243; _module_preset=\u00bbdefault\u00bb text_font=\u00bbResolve Sans Light||||||||\u00bb text_text_color=\u00bb#E02B20&#8243; text_font_size=\u00bb6rem\u00bb text_line_height=\u00bb1em\u00bb custom_margin=\u00bb|||20px|false|false\u00bb text_font_size_tablet=\u00bb2rem\u00bb text_font_size_phone=\u00bb1.5rem\u00bb text_font_size_last_edited=\u00bbon|phone\u00bb global_colors_info=\u00bb{}\u00bb]<\/p>\n<p>\u00bfY SI TU SALUD NO TUVIERA QUE ESPERAR?<\/p>\n<p>[\/et_pb_text][\/et_pb_column][\/et_pb_row][et_pb_row column_structure=\u00bb3_5,2_5&#8243; _builder_version=\u00bb4.27.4&#8243; _module_preset=\u00bbdefault\u00bb width=\u00bb95%\u00bb max_width=\u00bb95%\u00bb global_colors_info=\u00bb{}\u00bb][et_pb_column type=\u00bb3_5&#8243; _builder_version=\u00bb4.27.4&#8243; _module_preset=\u00bbdefault\u00bb global_colors_info=\u00bb{}\u00bb][et_pb_text _builder_version=\u00bb4.27.4&#8243; _module_preset=\u00bbdefault\u00bb text_font=\u00bbUnbounded||||||||\u00bb text_text_color=\u00bb#FFFFFF\u00bb text_font_size=\u00bb2.5rem\u00bb text_line_height=\u00bb1.4em\u00bb background_layout=\u00bbdark\u00bb width=\u00bb100%\u00bb text_font_size_tablet=\u00bb1.5rem\u00bb text_font_size_phone=\u00bb1rem\u00bb text_font_size_last_edited=\u00bbon|phone\u00bb global_colors_info=\u00bb{}\u00bb]<\/p>\n<p>En solo 30 minutos, antes de una reuni\u00f3n o despu\u00e9s de una jornada intensa, puedes entrenar tu cuerpo, despejar tu mente y reconectar contigo.<\/p>\n<p>Sin multitudes. Sin presi\u00f3n. Sin interrumpir tu ritmo.<\/p>\n<p>No es un gimnasio. No es un spa. Es otra cosa.<\/p>\n<p>Una nueva forma de cuidarte est\u00e1 llegando.<\/p>\n<p>Y tu cuerpo est\u00e1 a punto de cambiar su rutina.<\/p>\n<p>[\/et_pb_text][et_pb_button button_url=\u00bbhttps:\/\/deporweb.deporweb.net\/altaonline\/nueva.aspx?header=true&#038;footer=true&#038;nav=false&#038;lang=es-ES&#038;type=UEhPRU5JWCBIVUJ8MzE2&#8243; url_new_window=\u00bbon\u00bb button_text=\u00bbQuiero vivir la experiencia\u00bb button_alignment=\u00bbcenter\u00bb _builder_version=\u00bb4.27.4&#8243; _module_preset=\u00bbdefault\u00bb custom_button=\u00bbon\u00bb button_text_size=\u00bb2rem\u00bb button_text_color=\u00bb#FFFFFF\u00bb button_bg_use_color_gradient=\u00bbon\u00bb button_bg_color_gradient_type=\u00bbelliptical\u00bb button_bg_color_gradient_stops=\u00bb#e02b20 45%|#e09900 100%\u00bb button_border_color=\u00bbRGBA(255,255,255,0)\u00bb button_border_radius=\u00bb100px\u00bb button_font=\u00bbUnbounded||||||||\u00bb button_icon=\u00bb&#xf25a;||fa||400&#8243; custom_padding=\u00bb2vh||2vh||false|false\u00bb hover_enabled=\u00bb0&#8243; global_colors_info=\u00bb{}\u00bb sticky_enabled=\u00bb0&#8243;][\/et_pb_button][\/et_pb_column][et_pb_column type=\u00bb2_5&#8243; _builder_version=\u00bb4.27.4&#8243; _module_preset=\u00bbdefault\u00bb global_colors_info=\u00bb{}\u00bb][et_pb_image src=\u00bbhttps:\/\/promo.phoenixhub-autopilates.com\/wp-content\/uploads\/2025\/04\/PhoenixHub_Autopilates_3.png\u00bb title_text=\u00bbPhoenixHub_Autopilates_3&#8243; align=\u00bbcenter\u00bb _builder_version=\u00bb4.27.4&#8243; _module_preset=\u00bbdefault\u00bb width=\u00bb99.9%\u00bb width_tablet=\u00bb99.9%\u00bb width_phone=\u00bb99.9%\u00bb width_last_edited=\u00bbon|desktop\u00bb global_colors_info=\u00bb{}\u00bb][\/et_pb_image][\/et_pb_column][\/et_pb_row][\/et_pb_section][et_pb_section fb_built=\u00bb1&#8243; _builder_version=\u00bb4.27.4&#8243; _module_preset=\u00bbdefault\u00bb background_color=\u00bb#000000&#8243; global_colors_info=\u00bb{}\u00bb][et_pb_row _builder_version=\u00bb4.27.4&#8243; _module_preset=\u00bbdefault\u00bb width=\u00bb95%\u00bb max_width=\u00bb95%\u00bb global_colors_info=\u00bb{}\u00bb][et_pb_column type=\u00bb4_4&#8243; _builder_version=\u00bb4.27.4&#8243; _module_preset=\u00bbdefault\u00bb global_colors_info=\u00bb{}\u00bb][et_pb_text _builder_version=\u00bb4.27.4&#8243; _module_preset=\u00bbdefault\u00bb text_font=\u00bbUnbounded|700|||||||\u00bb text_text_color=\u00bb#E02B20&#8243; text_font_size=\u00bb6rem\u00bb text_line_height=\u00bb1.3em\u00bb text_font_size_tablet=\u00bb3rem\u00bb text_font_size_phone=\u00bb1.5rem\u00bb text_font_size_last_edited=\u00bbon|phone\u00bb global_colors_info=\u00bb{}\u00bb]<\/p>\n<p>OLV\u00cdDATE DE SUDAR HORAS EN EL GYM<\/p>\n<p>[\/et_pb_text][\/et_pb_column][\/et_pb_row][et_pb_row _builder_version=\u00bb4.27.4&#8243; _module_preset=\u00bbdefault\u00bb width=\u00bb95%\u00bb max_width=\u00bb95%\u00bb global_colors_info=\u00bb{}\u00bb][et_pb_column type=\u00bb4_4&#8243; _builder_version=\u00bb4.27.4&#8243; _module_preset=\u00bbdefault\u00bb global_colors_info=\u00bb{}\u00bb][et_pb_text _builder_version=\u00bb4.27.4&#8243; _module_preset=\u00bbdefault\u00bb text_font=\u00bbUnbounded||||||||\u00bb text_text_color=\u00bb#FFFFFF\u00bb text_font_size=\u00bb3.7rem\u00bb text_line_height=\u00bb1.8em\u00bb text_font_size_tablet=\u00bb2rem\u00bb text_font_size_phone=\u00bb1.5rem\u00bb text_font_size_last_edited=\u00bbon|phone\u00bb global_colors_info=\u00bb{}\u00bb]<\/p>\n<p>Este verano, tu mejor aliado es BodyRoll, la m\u00e1quina de remodelaci\u00f3n corporal que combina drenaje linf\u00e1tico activo yluz infrarroja, ofreciendo resultados visibles sin necesidad deejercicio intenso ni sudor.<\/p>\n<p>[\/et_pb_text][\/et_pb_column][\/et_pb_row][et_pb_row column_structure=\u00bb1_2,1_2&#8243; _builder_version=\u00bb4.27.4&#8243; _module_preset=\u00bbdefault\u00bb width=\u00bb95%\u00bb max_width=\u00bb95%\u00bb global_colors_info=\u00bb{}\u00bb][et_pb_column type=\u00bb1_2&#8243; _builder_version=\u00bb4.27.4&#8243; _module_preset=\u00bbdefault\u00bb global_colors_info=\u00bb{}\u00bb][et_pb_text _builder_version=\u00bb4.27.4&#8243; _module_preset=\u00bbdefault\u00bb text_font=\u00bbUnbounded||||||||\u00bb text_text_color=\u00bb#E02B20&#8243; text_font_size=\u00bb3rem\u00bb text_line_height=\u00bb1em\u00bb ul_font_size=\u00bb2.5rem\u00bb ul_line_height=\u00bb1.6em\u00bb background_layout=\u00bbdark\u00bb width=\u00bb100%\u00bb width_tablet=\u00bb100%\u00bb width_phone=\u00bb98%\u00bb width_last_edited=\u00bbon|phone\u00bb custom_margin=\u00bb|306px||||\u00bb text_font_size_tablet=\u00bb1rem\u00bb text_font_size_phone=\u00bb1rem\u00bb text_font_size_last_edited=\u00bbon|desktop\u00bb global_colors_info=\u00bb{}\u00bb]COMBATE LA RETENCI\u00d3N DE L\u00cdQUIDOS<\/p>\n<p>ALIVIA LA PESADEZ EN PIERNAS<\/p>\n<p>REDUCE LA CELULITIS<\/p>\n<p>RELAJACI\u00d3N PROFUNDA MIENTRAS MOLDEAS TU FIGURA[\/et_pb_text][\/et_pb_column][et_pb_column type=\u00bb1_2&#8243; _builder_version=\u00bb4.27.4&#8243; _module_preset=\u00bbdefault\u00bb global_colors_info=\u00bb{}\u00bb][et_pb_image src=\u00bbhttps:\/\/promo.phoenixhub-autopilates.com\/wp-content\/uploads\/2025\/05\/Bodyroll.png\u00bb title_text=\u00bbBodyroll\u00bb align=\u00bbright\u00bb _builder_version=\u00bb4.27.4&#8243; _module_preset=\u00bbdefault\u00bb width=\u00bb69%\u00bb width_tablet=\u00bb100%\u00bb width_phone=\u00bb100%\u00bb width_last_edited=\u00bbon|desktop\u00bb custom_margin=\u00bb|10vw|||false|false\u00bb global_colors_info=\u00bb{}\u00bb][\/et_pb_image][\/et_pb_column][\/et_pb_row][et_pb_row _builder_version=\u00bb4.27.4&#8243; _module_preset=\u00bbdefault\u00bb width=\u00bb95%\u00bb max_width=\u00bb95%\u00bb global_colors_info=\u00bb{}\u00bb][et_pb_column type=\u00bb4_4&#8243; _builder_version=\u00bb4.27.4&#8243; _module_preset=\u00bbdefault\u00bb global_colors_info=\u00bb{}\u00bb][et_pb_text _builder_version=\u00bb4.27.4&#8243; _module_preset=\u00bbdefault\u00bb text_font=\u00bbUnbounded||||||||\u00bb text_text_color=\u00bb#FFFFFF\u00bb text_font_size=\u00bb3.4rem\u00bb text_line_height=\u00bb1.2em\u00bb text_orientation=\u00bbcenter\u00bb text_font_size_tablet=\u00bb2rem\u00bb text_font_size_phone=\u00bb1.5rem\u00bb text_font_size_last_edited=\u00bbon|phone\u00bb global_colors_info=\u00bb{}\u00bb]<\/p>\n<p>RESULTADOS REALES, SIN ESFUERZO Y SIN SUDAR.<\/p>\n<p>TU CUERPO LO SIENTE. TU PIEL LO REFLEJA.<\/p>\n<p>[\/et_pb_text][et_pb_button button_url=\u00bbhttps:\/\/deporweb.deporweb.net\/altaonline\/nueva.aspx?header=true&#038;footer=true&#038;nav=false&#038;lang=es-ES&#038;type=UEhPRU5JWCBIVUJ8MzE2&#8243; url_new_window=\u00bbon\u00bb button_text=\u00bbDescubre c\u00f3mo funciona\u00bb button_alignment=\u00bbcenter\u00bb _builder_version=\u00bb4.27.4&#8243; _module_preset=\u00bbdefault\u00bb custom_button=\u00bbon\u00bb button_text_size=\u00bb2rem\u00bb button_text_color=\u00bb#FFFFFF\u00bb button_bg_use_color_gradient=\u00bbon\u00bb button_bg_color_gradient_type=\u00bbelliptical\u00bb button_bg_color_gradient_stops=\u00bb#e02b20 45%|#e09900 100%\u00bb button_border_color=\u00bbRGBA(255,255,255,0)\u00bb button_border_radius=\u00bb100px\u00bb button_font=\u00bbUnbounded||||||||\u00bb button_icon=\u00bb&#xf25a;||fa||400&#8243; custom_padding=\u00bb2vh||2vh||false|false\u00bb hover_enabled=\u00bb0&#8243; global_colors_info=\u00bb{}\u00bb sticky_enabled=\u00bb0&#8243;][\/et_pb_button][\/et_pb_column][\/et_pb_row][\/et_pb_section][et_pb_section fb_built=\u00bb1&#8243; _builder_version=\u00bb4.27.4&#8243; _module_preset=\u00bbdefault\u00bb background_color=\u00bb#000000&#8243; global_colors_info=\u00bb{}\u00bb][et_pb_row _builder_version=\u00bb4.27.4&#8243; _module_preset=\u00bbdefault\u00bb width=\u00bb95%\u00bb max_width=\u00bb95%\u00bb global_colors_info=\u00bb{}\u00bb][et_pb_column type=\u00bb4_4&#8243; _builder_version=\u00bb4.27.4&#8243; _module_preset=\u00bbdefault\u00bb global_colors_info=\u00bb{}\u00bb][et_pb_text _builder_version=\u00bb4.27.4&#8243; _module_preset=\u00bbdefault\u00bb text_font=\u00bbUnbounded|700|||||||\u00bb text_text_color=\u00bb#E02B20&#8243; text_font_size=\u00bb4.5rem\u00bb text_line_height=\u00bb1.3em\u00bb text_font_size_tablet=\u00bb3rem\u00bb text_font_size_phone=\u00bb1.5rem\u00bb text_font_size_last_edited=\u00bbon|phone\u00bb global_colors_info=\u00bb{}\u00bb]<\/p>\n<p>NO ES UN GIMNASIO. NO ES UN SPA. ES OTRA COSA<\/p>\n<p>[\/et_pb_text][\/et_pb_column][\/et_pb_row][et_pb_row column_structure=\u00bb2_3,1_3&#8243; _builder_version=\u00bb4.27.4&#8243; _module_preset=\u00bbdefault\u00bb width=\u00bb95%\u00bb max_width=\u00bb95%\u00bb global_colors_info=\u00bb{}\u00bb][et_pb_column type=\u00bb2_3&#8243; _builder_version=\u00bb4.27.4&#8243; _module_preset=\u00bbdefault\u00bb custom_padding=\u00bb0px|0px|0px|0px|false|false\u00bb global_colors_info=\u00bb{}\u00bb][et_pb_text _builder_version=\u00bb4.27.4&#8243; _module_preset=\u00bbdefault\u00bb text_font=\u00bbResolve Sans Light||||||||\u00bb text_text_color=\u00bb#FFFFFF\u00bb text_font_size=\u00bb2.3rem\u00bb text_line_height=\u00bb1.4em\u00bb background_layout=\u00bbdark\u00bb width=\u00bb100%\u00bb text_font_size_tablet=\u00bb1.5rem\u00bb text_font_size_phone=\u00bb1rem\u00bb text_font_size_last_edited=\u00bbon|desktop\u00bb global_colors_info=\u00bb{}\u00bb]<\/p>\n<p>Entrena en m\u00e1quinas inteligentes que se adaptan a ti.<\/p>\n<p>Tonifica, lib\u00e9rate de tensiones y mejora tu postura sin esfuerzo innecesario.<\/p>\n<p>Un entorno dise\u00f1ado para quienes no tienen tiempo que perder.<\/p>\n<p>Silencioso. Funcional. Exclusivo.<\/p>\n<p>[\/et_pb_text][et_pb_text _builder_version=\u00bb4.27.4&#8243; _module_preset=\u00bbdefault\u00bb text_font=\u00bbUnbounded|700|||||||\u00bb text_text_color=\u00bb#FFFFFF\u00bb text_font_size=\u00bb3.5rem\u00bb text_line_height=\u00bb1.3em\u00bb background_layout=\u00bbdark\u00bb width=\u00bb100%\u00bb text_font_size_tablet=\u00bb2.5rem\u00bb text_font_size_phone=\u00bb1.5rem\u00bb text_font_size_last_edited=\u00bbon|phone\u00bb global_colors_info=\u00bb{}\u00bb]<\/p>\n<p>TU CUERPO EST\u00c1 A PUNTO DE CAMBIAR SU RUTINA.<br \/>Y ESTA VEZ, LO HAR\u00c1 A TU RITMO.<\/p>\n<p>[\/et_pb_text][\/et_pb_column][et_pb_column type=\u00bb1_3&#8243; _builder_version=\u00bb4.27.4&#8243; _module_preset=\u00bbdefault\u00bb global_colors_info=\u00bb{}\u00bb][et_pb_image src=\u00bbhttps:\/\/promo.phoenixhub-autopilates.com\/wp-content\/uploads\/2025\/05\/Phoenix4.png\u00bb title_text=\u00bbPhoenix4&#8243; _builder_version=\u00bb4.27.4&#8243; _module_preset=\u00bbdefault\u00bb width=\u00bb60%\u00bb max_width=\u00bb100%\u00bb module_alignment=\u00bbcenter\u00bb global_colors_info=\u00bb{}\u00bb][\/et_pb_image][\/et_pb_column][\/et_pb_row][\/et_pb_section][et_pb_section fb_built=\u00bb1&#8243; fullwidth=\u00bbon\u00bb _builder_version=\u00bb4.27.4&#8243; _module_preset=\u00bbdefault\u00bb use_background_color_gradient=\u00bbon\u00bb background_color_gradient_direction=\u00bb90deg\u00bb background_color_gradient_stops=\u00bb#ff3333 0%|#ff6633 100%\u00bb min_height=\u00bb100px\u00bb height=\u00bb100px\u00bb max_height=\u00bb100px\u00bb global_colors_info=\u00bb{}\u00bb][\/et_pb_section][et_pb_section fb_built=\u00bb1&#8243; _builder_version=\u00bb4.27.4&#8243; _module_preset=\u00bbdefault\u00bb background_color=\u00bb#000000&#8243; global_colors_info=\u00bb{}\u00bb][et_pb_row _builder_version=\u00bb4.27.4&#8243; _module_preset=\u00bbdefault\u00bb width=\u00bb95%\u00bb max_width=\u00bb95%\u00bb global_colors_info=\u00bb{}\u00bb][et_pb_column type=\u00bb4_4&#8243; _builder_version=\u00bb4.27.4&#8243; _module_preset=\u00bbdefault\u00bb global_colors_info=\u00bb{}\u00bb][et_pb_text _builder_version=\u00bb4.27.4&#8243; _module_preset=\u00bbdefault\u00bb text_font=\u00bbUnbounded|700|||||||\u00bb text_text_color=\u00bb#E02B20&#8243; text_font_size=\u00bb6rem\u00bb text_line_height=\u00bb1.1em\u00bb text_font_size_tablet=\u00bb3rem\u00bb text_font_size_phone=\u00bb1.5rem\u00bb text_font_size_last_edited=\u00bbon|phone\u00bb global_colors_info=\u00bb{}\u00bb]<\/p>\n<p>REL\u00c1JATE ANTES DE TU PR\u00d3XIMA REUNI\u00d3N.<\/p>\n<p>[\/et_pb_text][\/et_pb_column][\/et_pb_row][et_pb_row column_structure=\u00bb2_3,1_3&#8243; _builder_version=\u00bb4.27.4&#8243; _module_preset=\u00bbdefault\u00bb width=\u00bb95%\u00bb max_width=\u00bb95%\u00bb global_colors_info=\u00bb{}\u00bb][et_pb_column type=\u00bb2_3&#8243; _builder_version=\u00bb4.27.4&#8243; _module_preset=\u00bbdefault\u00bb global_colors_info=\u00bb{}\u00bb][et_pb_text _builder_version=\u00bb4.27.4&#8243; _module_preset=\u00bbdefault\u00bb text_font=\u00bbResolve Sans Light||||||||\u00bb text_text_color=\u00bb#FFFFFF\u00bb text_font_size=\u00bb3.1rem\u00bb background_layout=\u00bbdark\u00bb custom_margin=\u00bb||||false|false\u00bb custom_padding=\u00bb50px||||false|false\u00bb text_font_size_tablet=\u00bb1.5rem\u00bb text_font_size_phone=\u00bb1rem\u00bb text_font_size_last_edited=\u00bbon|tablet\u00bb global_colors_info=\u00bb{}\u00bb]<\/p>\n<p class=\"p1\">Marca la diferencia en un espacio exclusivo.<\/p>\n<p style=\"padding-left: 40px;\">Estiramientos inteligentes<\/p>\n<p style=\"padding-left: 40px;\">Masaje linf\u00e1tico con Body Roll<\/p>\n<p style=\"padding-left: 40px;\">Postura, tono, y enfoque mental<\/p>\n<p>[\/et_pb_text][et_pb_text _builder_version=\u00bb4.27.4&#8243; _module_preset=\u00bbdefault\u00bb text_font=\u00bbUnbounded||||||||\u00bb text_text_color=\u00bb#FFFFFF\u00bb text_font_size=\u00bb2rem\u00bb text_line_height=\u00bb1.2em\u00bb background_layout=\u00bbdark\u00bb custom_margin=\u00bb||0px||false|false\u00bb text_font_size_tablet=\u00bb2.5rem\u00bb text_font_size_phone=\u00bb1.5rem\u00bb text_font_size_last_edited=\u00bbon|phone\u00bb text_line_height_tablet=\u00bb1.2em\u00bb text_line_height_phone=\u00bb1.2em\u00bb text_line_height_last_edited=\u00bbon|desktop\u00bb global_colors_info=\u00bb{}\u00bb text_line_height__hover_enabled=\u00bbon|desktop\u00bb text_line_height__hover=\u00bb1.2em\u00bb]<\/p>\n<p>NO ES UN GIMNASIO.<br \/>NO ES UN SPA.<\/p>\n<p>[\/et_pb_text][et_pb_text _builder_version=\u00bb4.27.4&#8243; _module_preset=\u00bbdefault\u00bb text_font=\u00bbUnbounded||||||||\u00bb text_text_color=\u00bb#FFFFFF\u00bb text_font_size=\u00bb4rem\u00bb text_line_height=\u00bb1.1em\u00bb background_layout=\u00bbdark\u00bb text_font_size_tablet=\u00bb2.5rem\u00bb text_font_size_phone=\u00bb1.5rem\u00bb text_font_size_last_edited=\u00bbon|phone\u00bb global_colors_info=\u00bb{}\u00bb]<\/p>\n<p>ES EL RITUAL DE LOS<br \/>QUE SABEN QUE EL<br \/>\u00c9XITO EMPIEZA EN EL<br \/>CUERPO.<\/p>\n<p>[\/et_pb_text][et_pb_button button_url=\u00bbhttps:\/\/deporweb.deporweb.net\/altaonline\/nueva.aspx?header=true&#038;footer=true&#038;nav=false&#038;lang=es-ES&#038;type=UEhPRU5JWCBIVUJ8MzE2&#8243; url_new_window=\u00bbon\u00bb button_text=\u00bb\u00a1VEN A PHOENIX HUB!\u00bb button_alignment=\u00bbcenter\u00bb _builder_version=\u00bb4.27.4&#8243; _module_preset=\u00bbdefault\u00bb custom_button=\u00bbon\u00bb button_text_size=\u00bb2rem\u00bb button_text_color=\u00bb#FFFFFF\u00bb button_bg_use_color_gradient=\u00bbon\u00bb button_bg_color_gradient_type=\u00bbelliptical\u00bb button_bg_color_gradient_stops=\u00bb#e02b20 45%|#e09900 100%\u00bb button_border_color=\u00bbRGBA(255,255,255,0)\u00bb button_border_radius=\u00bb100px\u00bb button_font=\u00bbUnbounded||||||||\u00bb button_icon=\u00bb&#xf25a;||fa||400&#8243; custom_padding=\u00bb2vh||2vh||false|false\u00bb hover_enabled=\u00bb0&#8243; global_colors_info=\u00bb{}\u00bb sticky_enabled=\u00bb0&#8243;][\/et_pb_button][\/et_pb_column][et_pb_column type=\u00bb1_3&#8243; _builder_version=\u00bb4.27.4&#8243; _module_preset=\u00bbdefault\u00bb global_colors_info=\u00bb{}\u00bb][et_pb_image src=\u00bbhttps:\/\/promo.phoenixhub-autopilates.com\/wp-content\/uploads\/2025\/05\/Bodyroll2.png\u00bb title_text=\u00bbBodyroll2&#8243; _builder_version=\u00bb4.27.4&#8243; _module_preset=\u00bbdefault\u00bb width=\u00bb100%\u00bb global_colors_info=\u00bb{}\u00bb][\/et_pb_image][\/et_pb_column][\/et_pb_row][\/et_pb_section][et_pb_section fb_built=\u00bb1&#8243; fullwidth=\u00bbon\u00bb _builder_version=\u00bb4.27.4&#8243; _module_preset=\u00bbdefault\u00bb use_background_color_gradient=\u00bbon\u00bb background_color_gradient_direction=\u00bb90deg\u00bb background_color_gradient_stops=\u00bb#ff3333 0%|#ff6633 100%\u00bb min_height=\u00bb100px\u00bb height=\u00bb100px\u00bb max_height=\u00bb100px\u00bb global_colors_info=\u00bb{}\u00bb][\/et_pb_section]<\/p>\n","protected":false},"excerpt":{"rendered":"<p>PHOENIX HUB\u00bfY SI CUIDARTE ENCAJARA EN TU AGENDA?\u00bfY SI TU SALUD NO TUVIERA QUE ESPERAR?En solo 30 minutos, antes de una reuni\u00f3n o despu\u00e9s de una jornada intensa, puedes entrenar tu cuerpo, despejar tu mente y reconectar contigo. Sin multitudes. Sin presi\u00f3n. Sin interrumpir tu ritmo. No es un gimnasio. No es un spa. Es [&hellip;]<\/p>\n","protected":false},"author":1,"featured_media":0,"parent":0,"menu_order":0,"comment_status":"closed","ping_status":"closed","template":"","meta":{"_et_pb_use_builder":"on","_et_pb_old_content":"","_et_gb_content_width":"","footnotes":""},"class_list":["post-12","page","type-page","status-publish","hentry"],"_links":{"self":[{"href":"https:\/\/promo.phoenixhub-autopilates.com\/index.php?rest_route=\/wp\/v2\/pages\/12","targetHints":{"allow":["GET"]}}],"collection":[{"href":"https:\/\/promo.phoenixhub-autopilates.com\/index.php?rest_route=\/wp\/v2\/pages"}],"about":[{"href":"https:\/\/promo.phoenixhub-autopilates.com\/index.php?rest_route=\/wp\/v2\/types\/page"}],"author":[{"embeddable":true,"href":"https:\/\/promo.phoenixhub-autopilates.com\/index.php?rest_route=\/wp\/v2\/users\/1"}],"replies":[{"embeddable":true,"href":"https:\/\/promo.phoenixhub-autopilates.com\/index.php?rest_route=%2Fwp%2Fv2%2Fcomments&post=12"}],"version-history":[{"count":19,"href":"https:\/\/promo.phoenixhub-autopilates.com\/index.php?rest_route=\/wp\/v2\/pages\/12\/revisions"}],"predecessor-version":[{"id":58,"href":"https:\/\/promo.phoenixhub-autopilates.com\/index.php?rest_route=\/wp\/v2\/pages\/12\/revisions\/58"}],"wp:attachment":[{"href":"https:\/\/promo.phoenixhub-autopilates.com\/index.php?rest_route=%2Fwp%2Fv2%2Fmedia&parent=12"}],"curies":[{"name":"wp","href":"https:\/\/api.w.org\/{rel}","templated":true}]}}